{"id":2710,"date":"2025-10-22T10:58:56","date_gmt":"2025-10-22T10:58:56","guid":{"rendered":"https:\/\/www.vidalarmadans.com\/manifest\/"},"modified":"2026-01-26T11:02:59","modified_gmt":"2026-01-26T11:02:59","slug":"declaracio","status":"publish","type":"page","link":"https:\/\/www.vidalarmadans.com\/ca\/declaracio\/","title":{"rendered":"L&#8217;\u00faltim mohic\u00e0\u00a0<br>o la fi dels oficis"},"content":{"rendered":"\n<p>Fa molts anys, en el temps d\u2019esplendor de les arts gr\u00e0fiques,\u2028hi havia una aut\u00e8ntica devoci\u00f3 per la qualitat i la innovaci\u00f3. El sector posse\u00efa\u2028un coneixement t\u00e8cnic profund i sabia com cuidar les relacions.\u2028Hi havia amor propi i voluntat d\u2019excel\u00b7l\u00e8ncia.<\/p>\n\n\n\n<p>Tot aix\u00f2 est\u00e0 en perill, per\u00f2 aquestes l\u00ednies no s\u00f3n un lament ni s\u00f3n fruit de la nost\u00e0lgia. S\u00f3n una reivindicaci\u00f3 de les millors tradicions de les arts gr\u00e0fiques. La constataci\u00f3 del valor estrat\u00e8gic que t\u00e9 el vincle client-dissenyador-impremta. I un reflex de l\u2019orgull que sentim els impressors d\u2019ahir, d\u2019avui i de sempre pel nostre ofici.<\/p>\n\n\n\n<p><\/p>\n","protected":false},"excerpt":{"rendered":"<p>Fa molts anys, en el temps d\u2019esplendor de les arts gr\u00e0fiques,\u2028hi havia una aut\u00e8ntica devoci\u00f3 per la qualitat i la innovaci\u00f3. El sector posse\u00efa\u2028un coneixement t\u00e8cnic profund i sabia com cuidar les relacions.\u2028Hi havia amor propi i voluntat d\u2019excel\u00b7l\u00e8ncia. Tot aix\u00f2 est\u00e0 en perill, per\u00f2&#8230;<\/p>\n","protected":false},"author":1,"featured_media":2752,"parent":0,"menu_order":0,"comment_status":"closed","ping_status":"closed","template":"manifest.php","meta":{"_acf_changed":false,"footnotes":""},"class_list":["post-2710","page","type-page","status-publish","has-post-thumbnail","hentry"],"acf":[],"yoast_head":"<!-- This site is optimized with the Yoast SEO plugin v27.5 - https:\/\/yoast.com\/product\/yoast-seo-wordpress\/ -->\n<title>L&#039;\u00faltim mohic\u00e0\u00a0o la fi dels oficis &#8211; Vidal &amp; Armadans<\/title>\n<meta name=\"robots\" content=\"index, follow, max-snippet:-1, max-image-preview:large, max-video-preview:-1\" \/>\n<link rel=\"canonical\" href=\"https:\/\/www.vidalarmadans.com\/ca\/declaracio\/\" \/>\n<meta property=\"og:locale\" content=\"ca_ES\" \/>\n<meta property=\"og:type\" content=\"article\" \/>\n<meta property=\"og:title\" content=\"L&#039;\u00faltim mohic\u00e0\u00a0o la fi dels oficis &#8211; Vidal &amp; Armadans\" \/>\n<meta property=\"og:description\" content=\"Fa molts anys, en el temps d\u2019esplendor de les arts gr\u00e0fiques,\u2028hi havia una aut\u00e8ntica devoci\u00f3 per la qualitat i la innovaci\u00f3. El sector posse\u00efa\u2028un coneixement t\u00e8cnic profund i sabia com cuidar les relacions.\u2028Hi havia amor propi i voluntat d\u2019excel\u00b7l\u00e8ncia. Tot aix\u00f2 est\u00e0 en perill, per\u00f2...\" \/>\n<meta property=\"og:url\" content=\"https:\/\/www.vidalarmadans.com\/ca\/declaracio\/\" \/>\n<meta property=\"og:site_name\" content=\"Vidal &amp; Armadans\" \/>\n<meta property=\"article:modified_time\" content=\"2026-01-26T11:02:59+00:00\" \/>\n<meta property=\"og:image\" content=\"https:\/\/www.vidalarmadans.com\/wp-content\/uploads\/2025\/11\/57a2191-bis-scaled.webp\" \/>\n\t<meta property=\"og:image:width\" content=\"2560\" \/>\n\t<meta property=\"og:image:height\" content=\"1573\" \/>\n\t<meta property=\"og:image:type\" content=\"image\/webp\" \/>\n<meta name=\"twitter:card\" content=\"summary_large_image\" \/>\n<meta name=\"twitter:label1\" content=\"Temps estimat de lectura\" \/>\n\t<meta name=\"twitter:data1\" content=\"1 minut\" \/>\n<script type=\"application\/ld+json\" class=\"yoast-schema-graph\">{\"@context\":\"https:\\\/\\\/schema.org\",\"@graph\":[{\"@type\":\"WebPage\",\"@id\":\"https:\\\/\\\/www.vidalarmadans.com\\\/ca\\\/declaracio\\\/\",\"url\":\"https:\\\/\\\/www.vidalarmadans.com\\\/ca\\\/declaracio\\\/\",\"name\":\"L'\u00faltim mohic\u00e0\u00a0 o la fi dels oficis &#8211; Vidal &amp; Armadans\",\"isPartOf\":{\"@id\":\"https:\\\/\\\/www.vidalarmadans.com\\\/#website\"},\"primaryImageOfPage\":{\"@id\":\"https:\\\/\\\/www.vidalarmadans.com\\\/ca\\\/declaracio\\\/#primaryimage\"},\"image\":{\"@id\":\"https:\\\/\\\/www.vidalarmadans.com\\\/ca\\\/declaracio\\\/#primaryimage\"},\"thumbnailUrl\":\"https:\\\/\\\/www.vidalarmadans.com\\\/wp-content\\\/uploads\\\/2025\\\/11\\\/57a2191-bis-scaled.webp\",\"datePublished\":\"2025-10-22T10:58:56+00:00\",\"dateModified\":\"2026-01-26T11:02:59+00:00\",\"breadcrumb\":{\"@id\":\"https:\\\/\\\/www.vidalarmadans.com\\\/ca\\\/declaracio\\\/#breadcrumb\"},\"inLanguage\":\"ca\",\"potentialAction\":[{\"@type\":\"ReadAction\",\"target\":[\"https:\\\/\\\/www.vidalarmadans.com\\\/ca\\\/declaracio\\\/\"]}]},{\"@type\":\"ImageObject\",\"inLanguage\":\"ca\",\"@id\":\"https:\\\/\\\/www.vidalarmadans.com\\\/ca\\\/declaracio\\\/#primaryimage\",\"url\":\"https:\\\/\\\/www.vidalarmadans.com\\\/wp-content\\\/uploads\\\/2025\\\/11\\\/57a2191-bis-scaled.webp\",\"contentUrl\":\"https:\\\/\\\/www.vidalarmadans.com\\\/wp-content\\\/uploads\\\/2025\\\/11\\\/57a2191-bis-scaled.webp\",\"width\":2560,\"height\":1573},{\"@type\":\"BreadcrumbList\",\"@id\":\"https:\\\/\\\/www.vidalarmadans.com\\\/ca\\\/declaracio\\\/#breadcrumb\",\"itemListElement\":[{\"@type\":\"ListItem\",\"position\":1,\"name\":\"Portada\",\"item\":\"https:\\\/\\\/www.vidalarmadans.com\\\/ca\\\/\"},{\"@type\":\"ListItem\",\"position\":2,\"name\":\"L&#8217;\u00faltim mohic\u00e0\u00a0o la fi dels oficis\"}]},{\"@type\":\"WebSite\",\"@id\":\"https:\\\/\\\/www.vidalarmadans.com\\\/#website\",\"url\":\"https:\\\/\\\/www.vidalarmadans.com\\\/\",\"name\":\"Vidal &amp; Armadans\",\"description\":\"\",\"potentialAction\":[{\"@type\":\"SearchAction\",\"target\":{\"@type\":\"EntryPoint\",\"urlTemplate\":\"https:\\\/\\\/www.vidalarmadans.com\\\/?s={search_term_string}\"},\"query-input\":{\"@type\":\"PropertyValueSpecification\",\"valueRequired\":true,\"valueName\":\"search_term_string\"}}],\"inLanguage\":\"ca\"}]}<\/script>\n<!-- \/ Yoast SEO plugin. -->","yoast_head_json":{"title":"L'\u00faltim mohic\u00e0\u00a0o la fi dels oficis &#8211; Vidal &amp; Armadans","robots":{"index":"index","follow":"follow","max-snippet":"max-snippet:-1","max-image-preview":"max-image-preview:large","max-video-preview":"max-video-preview:-1"},"canonical":"https:\/\/www.vidalarmadans.com\/ca\/declaracio\/","og_locale":"ca_ES","og_type":"article","og_title":"L'\u00faltim mohic\u00e0\u00a0o la fi dels oficis &#8211; Vidal &amp; Armadans","og_description":"Fa molts anys, en el temps d\u2019esplendor de les arts gr\u00e0fiques,\u2028hi havia una aut\u00e8ntica devoci\u00f3 per la qualitat i la innovaci\u00f3. El sector posse\u00efa\u2028un coneixement t\u00e8cnic profund i sabia com cuidar les relacions.\u2028Hi havia amor propi i voluntat d\u2019excel\u00b7l\u00e8ncia. Tot aix\u00f2 est\u00e0 en perill, per\u00f2...","og_url":"https:\/\/www.vidalarmadans.com\/ca\/declaracio\/","og_site_name":"Vidal &amp; Armadans","article_modified_time":"2026-01-26T11:02:59+00:00","og_image":[{"width":2560,"height":1573,"url":"https:\/\/www.vidalarmadans.com\/wp-content\/uploads\/2025\/11\/57a2191-bis-scaled.webp","type":"image\/webp"}],"twitter_card":"summary_large_image","twitter_misc":{"Temps estimat de lectura":"1 minut"},"schema":{"@context":"https:\/\/schema.org","@graph":[{"@type":"WebPage","@id":"https:\/\/www.vidalarmadans.com\/ca\/declaracio\/","url":"https:\/\/www.vidalarmadans.com\/ca\/declaracio\/","name":"L'\u00faltim mohic\u00e0\u00a0 o la fi dels oficis &#8211; Vidal &amp; Armadans","isPartOf":{"@id":"https:\/\/www.vidalarmadans.com\/#website"},"primaryImageOfPage":{"@id":"https:\/\/www.vidalarmadans.com\/ca\/declaracio\/#primaryimage"},"image":{"@id":"https:\/\/www.vidalarmadans.com\/ca\/declaracio\/#primaryimage"},"thumbnailUrl":"https:\/\/www.vidalarmadans.com\/wp-content\/uploads\/2025\/11\/57a2191-bis-scaled.webp","datePublished":"2025-10-22T10:58:56+00:00","dateModified":"2026-01-26T11:02:59+00:00","breadcrumb":{"@id":"https:\/\/www.vidalarmadans.com\/ca\/declaracio\/#breadcrumb"},"inLanguage":"ca","potentialAction":[{"@type":"ReadAction","target":["https:\/\/www.vidalarmadans.com\/ca\/declaracio\/"]}]},{"@type":"ImageObject","inLanguage":"ca","@id":"https:\/\/www.vidalarmadans.com\/ca\/declaracio\/#primaryimage","url":"https:\/\/www.vidalarmadans.com\/wp-content\/uploads\/2025\/11\/57a2191-bis-scaled.webp","contentUrl":"https:\/\/www.vidalarmadans.com\/wp-content\/uploads\/2025\/11\/57a2191-bis-scaled.webp","width":2560,"height":1573},{"@type":"BreadcrumbList","@id":"https:\/\/www.vidalarmadans.com\/ca\/declaracio\/#breadcrumb","itemListElement":[{"@type":"ListItem","position":1,"name":"Portada","item":"https:\/\/www.vidalarmadans.com\/ca\/"},{"@type":"ListItem","position":2,"name":"L&#8217;\u00faltim mohic\u00e0\u00a0o la fi dels oficis"}]},{"@type":"WebSite","@id":"https:\/\/www.vidalarmadans.com\/#website","url":"https:\/\/www.vidalarmadans.com\/","name":"Vidal &amp; Armadans","description":"","potentialAction":[{"@type":"SearchAction","target":{"@type":"EntryPoint","urlTemplate":"https:\/\/www.vidalarmadans.com\/?s={search_term_string}"},"query-input":{"@type":"PropertyValueSpecification","valueRequired":true,"valueName":"search_term_string"}}],"inLanguage":"ca"}]}},"_links":{"self":[{"href":"https:\/\/www.vidalarmadans.com\/ca\/wp-json\/wp\/v2\/pages\/2710","targetHints":{"allow":["GET"]}}],"collection":[{"href":"https:\/\/www.vidalarmadans.com\/ca\/wp-json\/wp\/v2\/pages"}],"about":[{"href":"https:\/\/www.vidalarmadans.com\/ca\/wp-json\/wp\/v2\/types\/page"}],"author":[{"embeddable":true,"href":"https:\/\/www.vidalarmadans.com\/ca\/wp-json\/wp\/v2\/users\/1"}],"replies":[{"embeddable":true,"href":"https:\/\/www.vidalarmadans.com\/ca\/wp-json\/wp\/v2\/comments?post=2710"}],"version-history":[{"count":17,"href":"https:\/\/www.vidalarmadans.com\/ca\/wp-json\/wp\/v2\/pages\/2710\/revisions"}],"predecessor-version":[{"id":3270,"href":"https:\/\/www.vidalarmadans.com\/ca\/wp-json\/wp\/v2\/pages\/2710\/revisions\/3270"}],"wp:featuredmedia":[{"embeddable":true,"href":"https:\/\/www.vidalarmadans.com\/ca\/wp-json\/wp\/v2\/media\/2752"}],"wp:attachment":[{"href":"https:\/\/www.vidalarmadans.com\/ca\/wp-json\/wp\/v2\/media?parent=2710"}],"curies":[{"name":"wp","href":"https:\/\/api.w.org\/{rel}","templated":true}]}}