{"id":2712,"date":"2025-10-22T10:58:56","date_gmt":"2025-10-22T10:58:56","guid":{"rendered":"https:\/\/www.vidalarmadans.com\/manifest\/"},"modified":"2026-01-26T11:04:29","modified_gmt":"2026-01-26T11:04:29","slug":"declaration","status":"publish","type":"page","link":"https:\/\/www.vidalarmadans.com\/fr\/declaration\/","title":{"rendered":"Le dernier des Mohicans<br>ou la fin des m\u00e9tiers artisanaux"},"content":{"rendered":"\n<p>Il y a de nombreuses ann\u00e9es, \u00e0 l\u2019apog\u00e9e des arts graphiques, la qualit\u00e9 et l\u2019innovation faisaient l\u2019objet d\u2019une v\u00e9ritable d\u00e9votion. Le secteur poss\u00e9dait une connaissance technique approfondie et savait entretenir les relations. Il y avait de l\u2019amour-propre et une recherche constante de l\u2019excellence.<\/p>\n\n\n\n<p>Tout cela est aujourd\u2019hui menac\u00e9, mais il ne s\u2019agit pas de se lamenter ou de c\u00e9der \u00e0 la nostalgie. Mais plut\u00f4t de revendiquer les meilleures traditions des arts graphiques. De constater la valeur strat\u00e9gique du lien client-designer-imprimeur. Et un reflet de la fiert\u00e9 que nous, imprimeurs d\u2019hier, d\u2019aujourd\u2019hui et de toujours, \u00e9prouvons pour notre m\u00e9tier.<\/p>\n","protected":false},"excerpt":{"rendered":"<p>Il y a de nombreuses ann\u00e9es, \u00e0 l\u2019apog\u00e9e des arts graphiques, la qualit\u00e9 et l\u2019innovation faisaient l\u2019objet d\u2019une v\u00e9ritable d\u00e9votion. Le secteur poss\u00e9dait une connaissance technique approfondie et savait entretenir les relations. Il y avait de l\u2019amour-propre et une recherche constante de l\u2019excellence. Tout cela&#8230;<\/p>\n","protected":false},"author":1,"featured_media":2754,"parent":0,"menu_order":0,"comment_status":"closed","ping_status":"closed","template":"manifest.php","meta":{"_acf_changed":false,"footnotes":""},"class_list":["post-2712","page","type-page","status-publish","has-post-thumbnail","hentry"],"acf":[],"yoast_head":"<!-- This site is optimized with the Yoast SEO plugin v27.5 - https:\/\/yoast.com\/product\/yoast-seo-wordpress\/ -->\n<title>Le dernier des Mohicansou la fin des m\u00e9tiers artisanaux &#8211; Vidal &amp; Armadans<\/title>\n<meta name=\"robots\" content=\"index, follow, max-snippet:-1, max-image-preview:large, max-video-preview:-1\" \/>\n<link rel=\"canonical\" href=\"https:\/\/www.vidalarmadans.com\/fr\/declaration\/\" \/>\n<meta property=\"og:locale\" content=\"fr_FR\" \/>\n<meta property=\"og:type\" content=\"article\" \/>\n<meta property=\"og:title\" content=\"Le dernier des Mohicansou la fin des m\u00e9tiers artisanaux &#8211; Vidal &amp; Armadans\" \/>\n<meta property=\"og:description\" content=\"Il y a de nombreuses ann\u00e9es, \u00e0 l\u2019apog\u00e9e des arts graphiques, la qualit\u00e9 et l\u2019innovation faisaient l\u2019objet d\u2019une v\u00e9ritable d\u00e9votion. Le secteur poss\u00e9dait une connaissance technique approfondie et savait entretenir les relations. Il y avait de l\u2019amour-propre et une recherche constante de l\u2019excellence. Tout cela...\" \/>\n<meta property=\"og:url\" content=\"https:\/\/www.vidalarmadans.com\/fr\/declaration\/\" \/>\n<meta property=\"og:site_name\" content=\"Vidal &amp; Armadans\" \/>\n<meta property=\"article:modified_time\" content=\"2026-01-26T11:04:29+00:00\" \/>\n<meta property=\"og:image\" content=\"https:\/\/www.vidalarmadans.com\/wp-content\/uploads\/2025\/11\/57a2191-bis-scaled.webp\" \/>\n\t<meta property=\"og:image:width\" content=\"2560\" \/>\n\t<meta property=\"og:image:height\" content=\"1573\" \/>\n\t<meta property=\"og:image:type\" content=\"image\/webp\" \/>\n<meta name=\"twitter:card\" content=\"summary_large_image\" \/>\n<meta name=\"twitter:label1\" content=\"Dur\u00e9e de lecture estim\u00e9e\" \/>\n\t<meta name=\"twitter:data1\" content=\"1 minute\" \/>\n<script type=\"application\/ld+json\" class=\"yoast-schema-graph\">{\"@context\":\"https:\\\/\\\/schema.org\",\"@graph\":[{\"@type\":\"WebPage\",\"@id\":\"https:\\\/\\\/www.vidalarmadans.com\\\/fr\\\/declaration\\\/\",\"url\":\"https:\\\/\\\/www.vidalarmadans.com\\\/fr\\\/declaration\\\/\",\"name\":\"Le dernier des Mohicans ou la fin des m\u00e9tiers artisanaux &#8211; Vidal &amp; Armadans\",\"isPartOf\":{\"@id\":\"https:\\\/\\\/www.vidalarmadans.com\\\/#website\"},\"primaryImageOfPage\":{\"@id\":\"https:\\\/\\\/www.vidalarmadans.com\\\/fr\\\/declaration\\\/#primaryimage\"},\"image\":{\"@id\":\"https:\\\/\\\/www.vidalarmadans.com\\\/fr\\\/declaration\\\/#primaryimage\"},\"thumbnailUrl\":\"https:\\\/\\\/www.vidalarmadans.com\\\/wp-content\\\/uploads\\\/2025\\\/11\\\/57a2191-bis-scaled.webp\",\"datePublished\":\"2025-10-22T10:58:56+00:00\",\"dateModified\":\"2026-01-26T11:04:29+00:00\",\"breadcrumb\":{\"@id\":\"https:\\\/\\\/www.vidalarmadans.com\\\/fr\\\/declaration\\\/#breadcrumb\"},\"inLanguage\":\"fr-FR\",\"potentialAction\":[{\"@type\":\"ReadAction\",\"target\":[\"https:\\\/\\\/www.vidalarmadans.com\\\/fr\\\/declaration\\\/\"]}]},{\"@type\":\"ImageObject\",\"inLanguage\":\"fr-FR\",\"@id\":\"https:\\\/\\\/www.vidalarmadans.com\\\/fr\\\/declaration\\\/#primaryimage\",\"url\":\"https:\\\/\\\/www.vidalarmadans.com\\\/wp-content\\\/uploads\\\/2025\\\/11\\\/57a2191-bis-scaled.webp\",\"contentUrl\":\"https:\\\/\\\/www.vidalarmadans.com\\\/wp-content\\\/uploads\\\/2025\\\/11\\\/57a2191-bis-scaled.webp\",\"width\":2560,\"height\":1573},{\"@type\":\"BreadcrumbList\",\"@id\":\"https:\\\/\\\/www.vidalarmadans.com\\\/fr\\\/declaration\\\/#breadcrumb\",\"itemListElement\":[{\"@type\":\"ListItem\",\"position\":1,\"name\":\"Portada\",\"item\":\"https:\\\/\\\/www.vidalarmadans.com\\\/fr\\\/\"},{\"@type\":\"ListItem\",\"position\":2,\"name\":\"Le dernier des Mohicansou la fin des m\u00e9tiers artisanaux\"}]},{\"@type\":\"WebSite\",\"@id\":\"https:\\\/\\\/www.vidalarmadans.com\\\/#website\",\"url\":\"https:\\\/\\\/www.vidalarmadans.com\\\/\",\"name\":\"Vidal &amp; Armadans\",\"description\":\"\",\"potentialAction\":[{\"@type\":\"SearchAction\",\"target\":{\"@type\":\"EntryPoint\",\"urlTemplate\":\"https:\\\/\\\/www.vidalarmadans.com\\\/?s={search_term_string}\"},\"query-input\":{\"@type\":\"PropertyValueSpecification\",\"valueRequired\":true,\"valueName\":\"search_term_string\"}}],\"inLanguage\":\"fr-FR\"}]}<\/script>\n<!-- \/ Yoast SEO plugin. -->","yoast_head_json":{"title":"Le dernier des Mohicansou la fin des m\u00e9tiers artisanaux &#8211; Vidal &amp; Armadans","robots":{"index":"index","follow":"follow","max-snippet":"max-snippet:-1","max-image-preview":"max-image-preview:large","max-video-preview":"max-video-preview:-1"},"canonical":"https:\/\/www.vidalarmadans.com\/fr\/declaration\/","og_locale":"fr_FR","og_type":"article","og_title":"Le dernier des Mohicansou la fin des m\u00e9tiers artisanaux &#8211; Vidal &amp; Armadans","og_description":"Il y a de nombreuses ann\u00e9es, \u00e0 l\u2019apog\u00e9e des arts graphiques, la qualit\u00e9 et l\u2019innovation faisaient l\u2019objet d\u2019une v\u00e9ritable d\u00e9votion. Le secteur poss\u00e9dait une connaissance technique approfondie et savait entretenir les relations. Il y avait de l\u2019amour-propre et une recherche constante de l\u2019excellence. Tout cela...","og_url":"https:\/\/www.vidalarmadans.com\/fr\/declaration\/","og_site_name":"Vidal &amp; Armadans","article_modified_time":"2026-01-26T11:04:29+00:00","og_image":[{"width":2560,"height":1573,"url":"https:\/\/www.vidalarmadans.com\/wp-content\/uploads\/2025\/11\/57a2191-bis-scaled.webp","type":"image\/webp"}],"twitter_card":"summary_large_image","twitter_misc":{"Dur\u00e9e de lecture estim\u00e9e":"1 minute"},"schema":{"@context":"https:\/\/schema.org","@graph":[{"@type":"WebPage","@id":"https:\/\/www.vidalarmadans.com\/fr\/declaration\/","url":"https:\/\/www.vidalarmadans.com\/fr\/declaration\/","name":"Le dernier des Mohicans ou la fin des m\u00e9tiers artisanaux &#8211; Vidal &amp; Armadans","isPartOf":{"@id":"https:\/\/www.vidalarmadans.com\/#website"},"primaryImageOfPage":{"@id":"https:\/\/www.vidalarmadans.com\/fr\/declaration\/#primaryimage"},"image":{"@id":"https:\/\/www.vidalarmadans.com\/fr\/declaration\/#primaryimage"},"thumbnailUrl":"https:\/\/www.vidalarmadans.com\/wp-content\/uploads\/2025\/11\/57a2191-bis-scaled.webp","datePublished":"2025-10-22T10:58:56+00:00","dateModified":"2026-01-26T11:04:29+00:00","breadcrumb":{"@id":"https:\/\/www.vidalarmadans.com\/fr\/declaration\/#breadcrumb"},"inLanguage":"fr-FR","potentialAction":[{"@type":"ReadAction","target":["https:\/\/www.vidalarmadans.com\/fr\/declaration\/"]}]},{"@type":"ImageObject","inLanguage":"fr-FR","@id":"https:\/\/www.vidalarmadans.com\/fr\/declaration\/#primaryimage","url":"https:\/\/www.vidalarmadans.com\/wp-content\/uploads\/2025\/11\/57a2191-bis-scaled.webp","contentUrl":"https:\/\/www.vidalarmadans.com\/wp-content\/uploads\/2025\/11\/57a2191-bis-scaled.webp","width":2560,"height":1573},{"@type":"BreadcrumbList","@id":"https:\/\/www.vidalarmadans.com\/fr\/declaration\/#breadcrumb","itemListElement":[{"@type":"ListItem","position":1,"name":"Portada","item":"https:\/\/www.vidalarmadans.com\/fr\/"},{"@type":"ListItem","position":2,"name":"Le dernier des Mohicansou la fin des m\u00e9tiers artisanaux"}]},{"@type":"WebSite","@id":"https:\/\/www.vidalarmadans.com\/#website","url":"https:\/\/www.vidalarmadans.com\/","name":"Vidal &amp; Armadans","description":"","potentialAction":[{"@type":"SearchAction","target":{"@type":"EntryPoint","urlTemplate":"https:\/\/www.vidalarmadans.com\/?s={search_term_string}"},"query-input":{"@type":"PropertyValueSpecification","valueRequired":true,"valueName":"search_term_string"}}],"inLanguage":"fr-FR"}]}},"_links":{"self":[{"href":"https:\/\/www.vidalarmadans.com\/fr\/wp-json\/wp\/v2\/pages\/2712","targetHints":{"allow":["GET"]}}],"collection":[{"href":"https:\/\/www.vidalarmadans.com\/fr\/wp-json\/wp\/v2\/pages"}],"about":[{"href":"https:\/\/www.vidalarmadans.com\/fr\/wp-json\/wp\/v2\/types\/page"}],"author":[{"embeddable":true,"href":"https:\/\/www.vidalarmadans.com\/fr\/wp-json\/wp\/v2\/users\/1"}],"replies":[{"embeddable":true,"href":"https:\/\/www.vidalarmadans.com\/fr\/wp-json\/wp\/v2\/comments?post=2712"}],"version-history":[{"count":13,"href":"https:\/\/www.vidalarmadans.com\/fr\/wp-json\/wp\/v2\/pages\/2712\/revisions"}],"predecessor-version":[{"id":3275,"href":"https:\/\/www.vidalarmadans.com\/fr\/wp-json\/wp\/v2\/pages\/2712\/revisions\/3275"}],"wp:featuredmedia":[{"embeddable":true,"href":"https:\/\/www.vidalarmadans.com\/fr\/wp-json\/wp\/v2\/media\/2754"}],"wp:attachment":[{"href":"https:\/\/www.vidalarmadans.com\/fr\/wp-json\/wp\/v2\/media?parent=2712"}],"curies":[{"name":"wp","href":"https:\/\/api.w.org\/{rel}","templated":true}]}}